{"id":8,"date":"2012-07-12T13:33:37","date_gmt":"2012-07-12T13:33:37","guid":{"rendered":"http:\/\/staba-ag.ch\/?page_id=8"},"modified":"2015-08-02T20:05:17","modified_gmt":"2015-08-02T20:05:17","slug":"metallbau","status":"publish","type":"page","link":"https:\/\/staba-ag.ch\/?page_id=8","title":{"rendered":"METALLBAU"},"content":{"rendered":"<div class='content-column one_third'><div style=\"padding-right:20px;\"><h2><font color=\"#FF0000\">Metallbauarbeiten<\/font><\/h2>\n<ul>\n<li>Gel\u00e4nder und Handl\u00e4ufe<\/li>\n<li>Metallt\u00fcren und Tore<\/li>\n<li>Brandschutzt\u00fcren<\/li>\n<li>Gitterfenster<\/li>\n<li>Balkonkonstruktionen<\/li>\n<li>Vord\u00e4cher<\/li>\n<li>Treppen<\/li>\n<\/ul><\/div><\/div>\n<div class='content-column two_third last_column'><div style=\"padding-left:20px;\"><h2><font color=\"#FF0000\">Unsere Leistungen<\/font><\/h2>\n<p align=\"justify\">Die Staba AG bietet ein breites Spektrum von Metallbauarbeiten f\u00fcr den Innen- und Aussenbereich an. Dank den gut eingerichteten Werkst\u00e4tten, bestens ausgebildeten Mitarbeitern und unserem umfassenden Maschinenpark sind wir in der Lage, sowohl Standardprodukte als auch Spezialkonstruktionen zu fertigen.<\/p>\n<p align=\"justify\">Unser engagiertes Team freut sich, auch f\u00fcr Ihr Metallbau-Projekt die optimale L\u00f6sung zu finden.<\/p><\/div><\/div><div class='clear_column'><\/div>\n<h2><font color=\"#FF0000\">Referenzen<\/font><\/h2>\n<p align=\"justify\">Eine Auswahl der vielf\u00e4ltigen Projekte, welche durch die Staba AG realisiert wurden. F\u00fcr weitere Bilder und zum Vergr\u00f6ssern bitte auf die Fotos klicken.<\/p>\n<p><div class='content-column one_third'><div style=\"padding-right:10px;\"><strong>Balkongel\u00e4nder<\/strong><br \/>\n<a href=\"http:\/\/staba-ag.ch\/wp-content\/uploads\/2012\/07\/balkongelaender_1.jpg\"><img decoding=\"async\" loading=\"lazy\" src=\"http:\/\/staba-ag.ch\/wp-content\/uploads\/2012\/07\/balkongelaender_1-300x231.jpg\" alt=\"balkongelaender_1\" width=\"300\" height=\"231\" class=\"alignnone size-medium wp-image-408\" srcset=\"https:\/\/staba-ag.ch\/wp-content\/uploads\/2012\/07\/balkongelaender_1-300x231.jpg 300w, https:\/\/staba-ag.ch\/wp-content\/uploads\/2012\/07\/balkongelaender_1.jpg 1000w\" sizes=\"(max-width: 300px) 100vw, 300px\" \/><\/a><a href=\"http:\/\/staba-ag.ch\/wp-content\/uploads\/2012\/07\/balkongelaender_2.jpg\"><\/a><a href=\"http:\/\/staba-ag.ch\/wp-content\/uploads\/2012\/07\/balkongelaender_3.jpg\"><\/a><a href=\"http:\/\/staba-ag.ch\/wp-content\/uploads\/2012\/07\/balkongelaender_4.jpg\"><\/a><br \/><\/div><\/div><div class='content-column one_third'><div style=\"padding-right:5px;padding-left:5px;\"><strong>Aussentreppe<\/strong><br \/>\n<a href=\"http:\/\/staba-ag.ch\/wp-content\/uploads\/2012\/07\/aussentreppe_1.jpg\"><img decoding=\"async\" loading=\"lazy\" src=\"http:\/\/staba-ag.ch\/wp-content\/uploads\/2012\/07\/aussentreppe_1-300x231.jpg\" alt=\"aussentreppe_1\" width=\"300\" height=\"231\" class=\"alignnone size-medium wp-image-401\" srcset=\"https:\/\/staba-ag.ch\/wp-content\/uploads\/2012\/07\/aussentreppe_1-300x231.jpg 300w, https:\/\/staba-ag.ch\/wp-content\/uploads\/2012\/07\/aussentreppe_1.jpg 1000w\" sizes=\"(max-width: 300px) 100vw, 300px\" \/><\/a><a href=\"http:\/\/staba-ag.ch\/wp-content\/uploads\/2012\/07\/aussentreppe_2.jpg\"><\/a><a href=\"http:\/\/staba-ag.ch\/wp-content\/uploads\/2012\/07\/aussentreppe_3.jpg\"><\/a><br \/><\/div><\/div><div class='content-column one_third last_column'><div style=\"padding-left:10px;\"><strong>Handlauf<\/strong><br \/>\n<a href=\"http:\/\/staba-ag.ch\/wp-content\/uploads\/2012\/07\/gelaender_3.jpg\"><img decoding=\"async\" loading=\"lazy\" src=\"http:\/\/staba-ag.ch\/wp-content\/uploads\/2012\/07\/gelaender_3-300x231.jpg\" alt=\"gelaender_3\" width=\"300\" height=\"231\" class=\"alignnone size-medium wp-image-400\" srcset=\"https:\/\/staba-ag.ch\/wp-content\/uploads\/2012\/07\/gelaender_3-300x231.jpg 300w, https:\/\/staba-ag.ch\/wp-content\/uploads\/2012\/07\/gelaender_3.jpg 1000w\" sizes=\"(max-width: 300px) 100vw, 300px\" \/><\/a\n<a href=\"http:\/\/staba-ag.ch\/wp-content\/uploads\/2012\/07\/gelaender_2.jpg\"><\/a><a href=\"http:\/\/staba-ag.ch\/wp-content\/uploads\/2012\/07\/gelaender_3.jpg\"><\/a><br \/><\/div><\/div><div class='clear_column'><\/div><\/p>\n<p><div class='content-column one_third'><div style=\"padding-right:10px;\"><strong>Handlauf rund<\/strong><br \/>\n<a href=\"http:\/\/staba-ag.ch\/wp-content\/uploads\/2012\/07\/aussengelaender2_1.jpg\"><img decoding=\"async\" loading=\"lazy\" src=\"http:\/\/staba-ag.ch\/wp-content\/uploads\/2012\/07\/aussengelaender2_1-300x235.jpg\" alt=\"aussengelaender2_1\" width=\"300\" height=\"235\" class=\"alignnone size-medium wp-image-415\" srcset=\"https:\/\/staba-ag.ch\/wp-content\/uploads\/2012\/07\/aussengelaender2_1-300x235.jpg 300w, https:\/\/staba-ag.ch\/wp-content\/uploads\/2012\/07\/aussengelaender2_1.jpg 1000w\" sizes=\"(max-width: 300px) 100vw, 300px\" \/><\/a><a href=\"http:\/\/staba-ag.ch\/wp-content\/uploads\/2012\/07\/aussengelaender2_2.jpg\"><\/a><br \/><\/div><\/div><div class='content-column one_third'><div style=\"padding-right:5px;padding-left:5px;\"><strong>Balkongel\u00e4nder verglast<\/strong><br \/>\n<a href=\"http:\/\/staba-ag.ch\/wp-content\/uploads\/2012\/07\/glasbalkon2_1.jpg\"><img decoding=\"async\" loading=\"lazy\" src=\"http:\/\/staba-ag.ch\/wp-content\/uploads\/2012\/07\/glasbalkon2_1-300x235.jpg\" alt=\"glasbalkon2_1\" width=\"300\" height=\"235\" class=\"alignnone size-medium wp-image-417\" srcset=\"https:\/\/staba-ag.ch\/wp-content\/uploads\/2012\/07\/glasbalkon2_1-300x235.jpg 300w, https:\/\/staba-ag.ch\/wp-content\/uploads\/2012\/07\/glasbalkon2_1.jpg 1000w\" sizes=\"(max-width: 300px) 100vw, 300px\" \/><\/a><a href=\"http:\/\/staba-ag.ch\/wp-content\/uploads\/2012\/07\/glasbalkon2_2.jpg\"><\/a><br \/><\/div><\/div><div class='content-column one_third last_column'><div style=\"padding-left:10px;\"><strong>Balkongel\u00e4nder verglast<\/strong><br \/>\n<a href=\"http:\/\/staba-ag.ch\/wp-content\/uploads\/2012\/07\/glasbalkon_1.jpg\"><img decoding=\"async\" loading=\"lazy\" src=\"http:\/\/staba-ag.ch\/wp-content\/uploads\/2012\/07\/glasbalkon_1-300x235.jpg\" alt=\"glasbalkon_1\" width=\"300\" height=\"235\" class=\"alignnone size-medium wp-image-419\" srcset=\"https:\/\/staba-ag.ch\/wp-content\/uploads\/2012\/07\/glasbalkon_1-300x235.jpg 300w, https:\/\/staba-ag.ch\/wp-content\/uploads\/2012\/07\/glasbalkon_1.jpg 1000w\" sizes=\"(max-width: 300px) 100vw, 300px\" \/><\/a><a href=\"http:\/\/staba-ag.ch\/wp-content\/uploads\/2012\/07\/glasbalkon_2.jpg\"><\/a><br \/><\/div><\/div><div class='clear_column'><\/div><\/p>\n<p><div class='content-column one_third'><div style=\"padding-right:10px;\"><strong>Balkon, 3 Ebenen<\/strong><br \/>\n<a href=\"http:\/\/staba-ag.ch\/wp-content\/uploads\/2012\/07\/balkon2_1.jpg\"><img decoding=\"async\" loading=\"lazy\" src=\"http:\/\/staba-ag.ch\/wp-content\/uploads\/2012\/07\/balkon2_1-215x300.jpg\" alt=\"balkon2_1\" width=\"300\" height=\"410\" class=\"alignnone size-medium wp-image-384\" \/><\/a><a href=\"http:\/\/staba-ag.ch\/wp-content\/uploads\/2012\/07\/balkon2_2.jpg\"><\/a><a href=\"http:\/\/staba-ag.ch\/wp-content\/uploads\/2012\/07\/balkon2_3.jpg\"><\/a><a href=\"http:\/\/staba-ag.ch\/wp-content\/uploads\/2012\/07\/balkon2_4.jpg\"><\/a><br \/><\/div><\/div><div class='content-column one_third'><div style=\"padding-right:5px;padding-left:5px;\"><strong>Gel\u00e4nder und Lamellenelement<\/strong><br \/>\n<a href=\"http:\/\/staba-ag.ch\/wp-content\/uploads\/2012\/07\/lamellen_1.jpg\"><img decoding=\"async\" loading=\"lazy\" src=\"http:\/\/staba-ag.ch\/wp-content\/uploads\/2012\/07\/lamellen_1-215x300.jpg\" alt=\"lamellen_1\" width=\"300\" height=\"410\" class=\"alignnone size-medium wp-image-388\" \/><\/a><a href=\"http:\/\/staba-ag.ch\/wp-content\/uploads\/2012\/07\/lamellen_2.jpg\"><\/a><a href=\"http:\/\/staba-ag.ch\/wp-content\/uploads\/2012\/07\/lamellen_3.jpg\"><\/a><a href=\"http:\/\/staba-ag.ch\/wp-content\/uploads\/2012\/07\/lamellen_4.jpg\"><\/a><br \/><\/div><\/div><div class='content-column one_third last_column'><div style=\"padding-left:10px;\"><strong>Aussentreppe<\/strong><br \/>\n<a href=\"http:\/\/staba-ag.ch\/wp-content\/uploads\/2012\/07\/aussentreppe2_2.jpg\"><img decoding=\"async\" loading=\"lazy\" src=\"http:\/\/staba-ag.ch\/wp-content\/uploads\/2012\/07\/aussentreppe2_2-215x300.jpg\" alt=\"aussentreppe2_2\" width=\"300\" height=\"410\" class=\"alignnone size-medium wp-image-393\" \/><\/a><a href=\"http:\/\/staba-ag.ch\/wp-content\/uploads\/2012\/07\/aussentreppe2_1.jpg\"><\/a><br \/><\/div><\/div><div class='clear_column'><\/div><\/p>\n<p><div class='content-column one_third'><div style=\"padding-right:10px;\"><strong>Aussengel\u00e4nder<\/strong><br \/>\n<a href=\"http:\/\/staba-ag.ch\/wp-content\/uploads\/2012\/07\/aussengelaender_1.jpg\"><img decoding=\"async\" loading=\"lazy\" src=\"http:\/\/staba-ag.ch\/wp-content\/uploads\/2012\/07\/aussengelaender_1-300x198.jpg\" alt=\"aussengelaender_1\" width=\"300\" height=\"198\" class=\"alignnone size-medium wp-image-422\" srcset=\"https:\/\/staba-ag.ch\/wp-content\/uploads\/2012\/07\/aussengelaender_1-300x198.jpg 300w, https:\/\/staba-ag.ch\/wp-content\/uploads\/2012\/07\/aussengelaender_1.jpg 1000w\" sizes=\"(max-width: 300px) 100vw, 300px\" \/><\/a><a href=\"http:\/\/staba-ag.ch\/wp-content\/uploads\/2012\/07\/aussengelaender_2.jpg\"><\/a><a href=\"http:\/\/staba-ag.ch\/wp-content\/uploads\/2012\/07\/aussengelaender_3.jpg\"><\/a><br \/><\/div><\/div><div class='content-column one_third'><div style=\"padding-right:5px;padding-left:5px;\"><strong>Terasse<\/strong><br \/>\n<a href=\"http:\/\/staba-ag.ch\/wp-content\/uploads\/2012\/07\/balkon_1.jpg\"><img decoding=\"async\" loading=\"lazy\" src=\"http:\/\/staba-ag.ch\/wp-content\/uploads\/2012\/07\/balkon_1-300x198.jpg\" alt=\"balkon_1\" width=\"300\" height=\"198\" class=\"alignnone size-medium wp-image-425\" srcset=\"https:\/\/staba-ag.ch\/wp-content\/uploads\/2012\/07\/balkon_1-300x198.jpg 300w, https:\/\/staba-ag.ch\/wp-content\/uploads\/2012\/07\/balkon_1.jpg 1000w\" sizes=\"(max-width: 300px) 100vw, 300px\" \/><\/a><a href=\"http:\/\/staba-ag.ch\/wp-content\/uploads\/2012\/07\/balkon_2.jpg\"><\/a><a href=\"http:\/\/staba-ag.ch\/wp-content\/uploads\/2012\/07\/balkon_3.jpg\"><\/a><a href=\"http:\/\/staba-ag.ch\/wp-content\/uploads\/2012\/07\/balkon_4.jpg\"><\/a><br \/><\/div><\/div><div class='content-column one_third last_column'><div style=\"padding-left:10px;\"><strong>Gitterfenster<\/strong><br \/>\n<a href=\"http:\/\/staba-ag.ch\/wp-content\/uploads\/2012\/07\/gitterfenster_1.jpg\"><img decoding=\"async\" loading=\"lazy\" src=\"http:\/\/staba-ag.ch\/wp-content\/uploads\/2012\/07\/gitterfenster_1-300x198.jpg\" alt=\"gitterfenster_1\" width=\"300\" height=\"198\" class=\"alignnone size-medium wp-image-429\" srcset=\"https:\/\/staba-ag.ch\/wp-content\/uploads\/2012\/07\/gitterfenster_1-300x198.jpg 300w, https:\/\/staba-ag.ch\/wp-content\/uploads\/2012\/07\/gitterfenster_1.jpg 1000w\" sizes=\"(max-width: 300px) 100vw, 300px\" \/><\/a><a href=\"http:\/\/staba-ag.ch\/wp-content\/uploads\/2012\/07\/gitterfenster_2.jpg\"><\/a><a href=\"http:\/\/staba-ag.ch\/wp-content\/uploads\/2012\/07\/gitterfenster_3.jpg\"><\/a><br \/><\/div><\/div><div class='clear_column'><\/div><\/p>\n<p><div class='content-column one_third'><div style=\"padding-right:10px;\"><strong>Vordach Glas<\/strong><br \/>\n<a href=\"http:\/\/staba-ag.ch\/wp-content\/uploads\/2012\/07\/vordach_1.jpg\"><img decoding=\"async\" loading=\"lazy\" src=\"http:\/\/staba-ag.ch\/wp-content\/uploads\/2012\/07\/vordach_1-262x300.jpg\" alt=\"vordach_1\" width=\"300\" height=\"343\" class=\"alignnone size-medium wp-image-436\" srcset=\"https:\/\/staba-ag.ch\/wp-content\/uploads\/2012\/07\/vordach_1-262x300.jpg 262w, https:\/\/staba-ag.ch\/wp-content\/uploads\/2012\/07\/vordach_1-895x1024.jpg 895w, https:\/\/staba-ag.ch\/wp-content\/uploads\/2012\/07\/vordach_1.jpg 1000w\" sizes=\"(max-width: 300px) 100vw, 300px\" \/><\/a><a href=\"http:\/\/staba-ag.ch\/wp-content\/uploads\/2012\/07\/vordach_2.jpg\"><\/a><a href=\"http:\/\/staba-ag.ch\/wp-content\/uploads\/2012\/07\/vordach_3.jpg\"><\/a><br \/><\/div><\/div><div class='content-column one_third'><div style=\"padding-right:5px;padding-left:5px;\"><strong>Treppe im Innenbereich<\/strong><br \/>\n<a href=\"http:\/\/staba-ag.ch\/wp-content\/uploads\/2012\/07\/treppe_2.jpg\"><img decoding=\"async\" loading=\"lazy\" src=\"http:\/\/staba-ag.ch\/wp-content\/uploads\/2012\/07\/treppe_2-262x300.jpg\" alt=\"treppe_2\" width=\"300\" height=\"343\" class=\"alignnone size-medium wp-image-440\" srcset=\"https:\/\/staba-ag.ch\/wp-content\/uploads\/2012\/07\/treppe_2-262x300.jpg 262w, https:\/\/staba-ag.ch\/wp-content\/uploads\/2012\/07\/treppe_2-895x1024.jpg 895w, https:\/\/staba-ag.ch\/wp-content\/uploads\/2012\/07\/treppe_2.jpg 1000w\" sizes=\"(max-width: 300px) 100vw, 300px\" \/><\/a><a href=\"http:\/\/staba-ag.ch\/wp-content\/uploads\/2012\/07\/treppe_1.jpg\"><\/a><a href=\"http:\/\/staba-ag.ch\/wp-content\/uploads\/2012\/07\/treppe_4.jpg\"><\/a><a href=\"http:\/\/staba-ag.ch\/wp-content\/uploads\/2012\/07\/treppe_3.jpg\"><\/a><br \/><\/div><\/div><div class='content-column one_third last_column'><div style=\"padding-left:10px;\"><strong>Treppengel\u00e4nder innen<\/strong><br \/>\n<a href=\"http:\/\/staba-ag.ch\/wp-content\/uploads\/2012\/07\/treppengelaender-innen_4.jpg\"><img decoding=\"async\" loading=\"lazy\" src=\"http:\/\/staba-ag.ch\/wp-content\/uploads\/2012\/07\/treppengelaender-innen_4-262x300.jpg\" alt=\"treppengelaender-innen_4\" width=\"300\" height=\"343\" class=\"alignnone size-medium wp-image-450\" srcset=\"https:\/\/staba-ag.ch\/wp-content\/uploads\/2012\/07\/treppengelaender-innen_4-262x300.jpg 262w, https:\/\/staba-ag.ch\/wp-content\/uploads\/2012\/07\/treppengelaender-innen_4-895x1024.jpg 895w, https:\/\/staba-ag.ch\/wp-content\/uploads\/2012\/07\/treppengelaender-innen_4.jpg 1000w\" sizes=\"(max-width: 300px) 100vw, 300px\" \/><\/a><a href=\"http:\/\/staba-ag.ch\/wp-content\/uploads\/2012\/07\/treppengelaender-innen_1.jpg\"><\/a><a href=\"http:\/\/staba-ag.ch\/wp-content\/uploads\/2012\/07\/treppengelaender-innen_2.jpg\"><\/a><a href=\"http:\/\/staba-ag.ch\/wp-content\/uploads\/2012\/07\/treppengelaender-innen_3.jpg\"><\/a><br \/><\/div><\/div><div class='clear_column'><\/div><\/p>\n<p><div class='content-column one_third'><div style=\"padding-right:10px;\"><strong>Windfang mit Wasserspiel<\/strong><br \/>\n<a href=\"http:\/\/staba-ag.ch\/wp-content\/uploads\/2012\/07\/windfang_1.jpg\"><img decoding=\"async\" loading=\"lazy\" src=\"http:\/\/staba-ag.ch\/wp-content\/uploads\/2012\/07\/windfang_1-300x205.jpg\" alt=\"windfang_1\" width=\"300\" height=\"205\" class=\"alignnone size-medium wp-image-454\" srcset=\"https:\/\/staba-ag.ch\/wp-content\/uploads\/2012\/07\/windfang_1-300x205.jpg 300w, https:\/\/staba-ag.ch\/wp-content\/uploads\/2012\/07\/windfang_1.jpg 1000w\" sizes=\"(max-width: 300px) 100vw, 300px\" \/><\/a><a href=\"http:\/\/staba-ag.ch\/wp-content\/uploads\/2012\/07\/windfang_2.jpg\"><\/a><a href=\"http:\/\/staba-ag.ch\/wp-content\/uploads\/2012\/07\/windfang_3.jpg\"><\/a><br \/><\/div><\/div><div class='content-column one_third'><div style=\"padding-right:5px;padding-left:5px;\"><strong>M\u00fclltonnenverschlag<\/strong><br \/>\n<a href=\"http:\/\/staba-ag.ch\/wp-content\/uploads\/2012\/07\/gitterverschlag_1.jpg\"><img decoding=\"async\" loading=\"lazy\" src=\"http:\/\/staba-ag.ch\/wp-content\/uploads\/2012\/07\/gitterverschlag_1-300x205.jpg\" alt=\"gitterverschlag_1\" width=\"300\" height=\"205\" class=\"alignnone size-medium wp-image-457\" srcset=\"https:\/\/staba-ag.ch\/wp-content\/uploads\/2012\/07\/gitterverschlag_1-300x205.jpg 300w, https:\/\/staba-ag.ch\/wp-content\/uploads\/2012\/07\/gitterverschlag_1.jpg 1000w\" sizes=\"(max-width: 300px) 100vw, 300px\" \/><\/a><a href=\"http:\/\/staba-ag.ch\/wp-content\/uploads\/2012\/07\/gitterverschlag_2.jpg\"><\/a><br \/><\/div><\/div><div class='content-column one_third last_column'><div style=\"padding-left:10px;\"><strong>Giterrosttreppe<\/strong><br \/>\n<a href=\"http:\/\/staba-ag.ch\/wp-content\/uploads\/2012\/07\/gitterrosttreppe_2.jpg\"><img decoding=\"async\" loading=\"lazy\" src=\"http:\/\/staba-ag.ch\/wp-content\/uploads\/2012\/07\/gitterrosttreppe_2-300x205.jpg\" alt=\"gitterrosttreppe_2\" width=\"300\" height=\"205\" class=\"alignnone size-medium wp-image-460\" srcset=\"https:\/\/staba-ag.ch\/wp-content\/uploads\/2012\/07\/gitterrosttreppe_2-300x205.jpg 300w, https:\/\/staba-ag.ch\/wp-content\/uploads\/2012\/07\/gitterrosttreppe_2.jpg 1000w\" sizes=\"(max-width: 300px) 100vw, 300px\" \/><\/a><a href=\"http:\/\/staba-ag.ch\/wp-content\/uploads\/2012\/07\/gitterrosttreppe_1.jpg\"><\/a><a href=\"http:\/\/staba-ag.ch\/wp-content\/uploads\/2012\/07\/gitterrosttreppe_3.jpg\"><\/a><a href=\"http:\/\/staba-ag.ch\/wp-content\/uploads\/2012\/07\/gitterrosttreppe_4.jpg\"><\/a><br \/><\/div><\/div><div class='clear_column'><\/div><\/p>\n<p><div class='content-column one_third'><div style=\"padding-right:10px;\"><strong>Tankumz\u00e4unung<\/strong><br \/>\n<a href=\"http:\/\/staba-ag.ch\/wp-content\/uploads\/2012\/07\/tankzaun_1.jpg\"><img decoding=\"async\" loading=\"lazy\" src=\"http:\/\/staba-ag.ch\/wp-content\/uploads\/2012\/07\/tankzaun_1-300x216.jpg\" alt=\"tankzaun_1\" width=\"300\" height=\"216\" class=\"alignnone size-medium wp-image-463\" srcset=\"https:\/\/staba-ag.ch\/wp-content\/uploads\/2012\/07\/tankzaun_1-300x216.jpg 300w, https:\/\/staba-ag.ch\/wp-content\/uploads\/2012\/07\/tankzaun_1.jpg 1000w\" sizes=\"(max-width: 300px) 100vw, 300px\" \/><\/a><a href=\"http:\/\/staba-ag.ch\/wp-content\/uploads\/2012\/07\/tankzaun_2.jpg\"><\/a><a href=\"http:\/\/staba-ag.ch\/wp-content\/uploads\/2012\/07\/tankzaun_3.jpg\"><\/a><br \/><\/div><\/div><div class='content-column one_third'><div style=\"padding-right:5px;padding-left:5px;\"><strong>Zwischenboden<\/strong><br \/>\n<a href=\"http:\/\/staba-ag.ch\/wp-content\/uploads\/2012\/07\/zwischenboden_0.jpg\"><img decoding=\"async\" loading=\"lazy\" src=\"http:\/\/staba-ag.ch\/wp-content\/uploads\/2012\/07\/zwischenboden_0-300x216.jpg\" alt=\"zwischenboden_0\" width=\"300\" height=\"216\" class=\"alignnone size-medium wp-image-466\" srcset=\"https:\/\/staba-ag.ch\/wp-content\/uploads\/2012\/07\/zwischenboden_0-300x216.jpg 300w, https:\/\/staba-ag.ch\/wp-content\/uploads\/2012\/07\/zwischenboden_0.jpg 1000w\" sizes=\"(max-width: 300px) 100vw, 300px\" \/><\/a><a href=\"http:\/\/staba-ag.ch\/wp-content\/uploads\/2012\/07\/zwischenboden_1.jpg\"><\/a><a href=\"http:\/\/staba-ag.ch\/wp-content\/uploads\/2012\/07\/zwischenboden_2.jpg\"><\/a><a href=\"http:\/\/staba-ag.ch\/wp-content\/uploads\/2012\/07\/zwischenboden_3.jpg\"><\/a><a href=\"http:\/\/staba-ag.ch\/wp-content\/uploads\/2012\/07\/zwischenboden_4.jpg\"><\/a><br \/><\/div><\/div><div class='content-column one_third last_column'><div style=\"padding-left:10px;\"><strong>Terassengel\u00e4nder<\/strong><br \/>\n<a href=\"http:\/\/staba-ag.ch\/wp-content\/uploads\/2012\/07\/terassengelaender_1.jpg\"><img decoding=\"async\" loading=\"lazy\" src=\"http:\/\/staba-ag.ch\/wp-content\/uploads\/2012\/07\/terassengelaender_1-300x216.jpg\" alt=\"terassengelaender_1\" width=\"300\" height=\"216\" class=\"alignnone size-medium wp-image-474\" srcset=\"https:\/\/staba-ag.ch\/wp-content\/uploads\/2012\/07\/terassengelaender_1-300x216.jpg 300w, https:\/\/staba-ag.ch\/wp-content\/uploads\/2012\/07\/terassengelaender_1.jpg 1000w\" sizes=\"(max-width: 300px) 100vw, 300px\" \/><\/a><a href=\"http:\/\/staba-ag.ch\/wp-content\/uploads\/2012\/07\/terassengelaender_2.jpg\"><\/a><a href=\"http:\/\/staba-ag.ch\/wp-content\/uploads\/2012\/07\/terassengelaender_3.jpg\"><\/a><br \/><\/div><\/div><div class='clear_column'><\/div><\/p>\n<p>&nbsp;<br \/>\nStaba AG | Metall- und Apparatebau | Beugenstr. 16 | 5647 Oberr\u00fcti | Tel +41 (0)41 787 14 57 | Fax +41 (0)41 787 14 61<\/p>\n","protected":false},"excerpt":{"rendered":"<p>Referenzen Eine Auswahl der vielf\u00e4ltigen Projekte, welche durch die Staba AG realisiert wurden. F\u00fcr weitere Bilder und zum Vergr\u00f6ssern bitte auf die Fotos klicken. &nbsp; Staba AG | Metall- und Apparatebau | Beugenstr. 16 | 5647 Oberr\u00fcti | Tel +41 (0)41 787 14 57 | Fax +41 (0)41 787 14 61<\/p>\n","protected":false},"author":2,"featured_media":0,"parent":0,"menu_order":0,"comment_status":"closed","ping_status":"closed","template":"","meta":[],"_links":{"self":[{"href":"https:\/\/staba-ag.ch\/index.php?rest_route=\/wp\/v2\/pages\/8"}],"collection":[{"href":"https:\/\/staba-ag.ch\/index.php?rest_route=\/wp\/v2\/pages"}],"about":[{"href":"https:\/\/staba-ag.ch\/index.php?rest_route=\/wp\/v2\/types\/page"}],"author":[{"embeddable":true,"href":"https:\/\/staba-ag.ch\/index.php?rest_route=\/wp\/v2\/users\/2"}],"replies":[{"embeddable":true,"href":"https:\/\/staba-ag.ch\/index.php?rest_route=%2Fwp%2Fv2%2Fcomments&post=8"}],"version-history":[{"count":68,"href":"https:\/\/staba-ag.ch\/index.php?rest_route=\/wp\/v2\/pages\/8\/revisions"}],"predecessor-version":[{"id":477,"href":"https:\/\/staba-ag.ch\/index.php?rest_route=\/wp\/v2\/pages\/8\/revisions\/477"}],"wp:attachment":[{"href":"https:\/\/staba-ag.ch\/index.php?rest_route=%2Fwp%2Fv2%2Fmedia&parent=8"}],"curies":[{"name":"wp","href":"https:\/\/api.w.org\/{rel}","templated":true}]}}