{"id":6,"date":"2012-07-12T13:33:02","date_gmt":"2012-07-12T13:33:02","guid":{"rendered":"http:\/\/staba-ag.ch\/?page_id=6"},"modified":"2015-12-31T13:20:33","modified_gmt":"2015-12-31T13:20:33","slug":"uber-uns","status":"publish","type":"page","link":"https:\/\/staba-ag.ch\/?page_id=6","title":{"rendered":"\u00dcBER UNS"},"content":{"rendered":"<div class='content-column two_third'><div style=\"padding-right:20px;\"><h2><font color=\"#FF0000\">Staba AG<\/font><\/h2>\n<p align=\"justify\">Die Staba AG f\u00fchrt vorwiegend Arbeiten im allgemeinen Maschinen- und Apparatebau aus. Dazu z\u00e4hlt der Tankbau, die Fertigung von Abdeckungen, der Bau von Geh\u00e4usen etc. In diesem Bereich kann die Staba AG namhafte Firmen wie z.B. die SBB, Wagner &#038; B\u00f6hringer AG und Kernkraftwerke zu ihren Kunden z\u00e4hlen. Dank dem modernen Maschinenpark ist die Staba AG bestens ausger\u00fcstet f\u00fcr die Bearbeitung von jeglichen Materialien. Die Leistungen umfassen Wasserstrahlschneiden und Blechbearbeitung wie z.B. abkanten, scheren und schweissen.<\/p>\n<p align=\"justify\">Marcel Henseler als Gesch\u00e4ftsf\u00fchrer bringt langj\u00e4hrige, fundierte Kenntnisse im allgemeinen Metallbau mit, weshalb die Kompetenzen der Staba AG in diesem Bereich weiter ausgebaut wurden. Treppen, T\u00fcren und Balkone aus Stahl sowie Gel\u00e4nder aus Chromstahl, Stahl oder Aluminium, Fenstergitter, Handl\u00e4ufe und Tore geh\u00f6ren zum breiten Angebot an Metallbauarbeiten, die an der Beugenstrasse gefertigt werden.<\/p><\/div><\/div><div class='content-column one_third last_column'><div style=\"padding-left:20px;\"><h2><font color=\"#FF0000\">Ihr Ansprechpartner<\/font><\/h2>\n<p><a><img decoding=\"async\" loading=\"lazy\" src=\"http:\/\/staba-ag.ch\/wp-content\/uploads\/2012\/07\/IMG_4006kcg-300x259.jpg\" alt=\"IMG_4006kcg\" width=\"250\" height=\"216\" class=\"alignnone size-medium wp-image-232\" srcset=\"https:\/\/staba-ag.ch\/wp-content\/uploads\/2012\/07\/IMG_4006kcg-300x259.jpg 300w, https:\/\/staba-ag.ch\/wp-content\/uploads\/2012\/07\/IMG_4006kcg.jpg 403w\" sizes=\"(max-width: 250px) 100vw, 250px\" \/><\/a><\/p>\n<p align=\"justify\"><b><font color=\"#FF0000\">Marcel Henseler<\/font><\/b><br \/>\nTel. +41 (0)41 787 14 57<\/p><\/div><\/div><div class='clear_column'><\/div><\/p>\n<p align=\"justify\">Die Staba AG kann jegliche Maschinen- oder Metallbauarbeiten f\u00fcr Neubauten, Umbauten oder Sanierungen ausf\u00fchren und dabei flexibel auf die Bed\u00fcrfnisse und W\u00fcnsche der Kunden eingehen. Komplexe Arbeiten k\u00f6nnen dem Kunden dank CAD visualisiert vorgelegt werden.<\/p>\n<p align=\"justify\"><b><font color=\"#FF0000\">Kontaktieren Sie uns f\u00fcr eine unverbindliche Offerte.<\/font><\/b><\/p>\n<p>&nbsp;<br \/>\nStaba AG | Metall- und Apparatebau | Beugenstr. 16 | 5647 Oberr\u00fcti | Tel +41 (0)41 787 14 57 | Fax +41 (0)41 787 14 61<\/p>\n","protected":false},"excerpt":{"rendered":"<p>Die Staba AG kann jegliche Maschinen- oder Metallbauarbeiten f\u00fcr Neubauten, Umbauten oder Sanierungen ausf\u00fchren und dabei flexibel auf die Bed\u00fcrfnisse und W\u00fcnsche der Kunden eingehen. Komplexe Arbeiten k\u00f6nnen dem Kunden dank CAD visualisiert vorgelegt werden. Kontaktieren Sie uns f\u00fcr eine unverbindliche Offerte. &nbsp; Staba AG | Metall- und Apparatebau | Beugenstr. 16 | 5647 Oberr\u00fcti &hellip; <a href=\"https:\/\/staba-ag.ch\/?page_id=6\" class=\"more-link\">Continue reading <span class=\"screen-reader-text\">\u00dcBER UNS<\/span> <span class=\"meta-nav\">&rarr;<\/span><\/a><\/p>\n","protected":false},"author":2,"featured_media":0,"parent":0,"menu_order":0,"comment_status":"closed","ping_status":"closed","template":"","meta":[],"_links":{"self":[{"href":"https:\/\/staba-ag.ch\/index.php?rest_route=\/wp\/v2\/pages\/6"}],"collection":[{"href":"https:\/\/staba-ag.ch\/index.php?rest_route=\/wp\/v2\/pages"}],"about":[{"href":"https:\/\/staba-ag.ch\/index.php?rest_route=\/wp\/v2\/types\/page"}],"author":[{"embeddable":true,"href":"https:\/\/staba-ag.ch\/index.php?rest_route=\/wp\/v2\/users\/2"}],"replies":[{"embeddable":true,"href":"https:\/\/staba-ag.ch\/index.php?rest_route=%2Fwp%2Fv2%2Fcomments&post=6"}],"version-history":[{"count":33,"href":"https:\/\/staba-ag.ch\/index.php?rest_route=\/wp\/v2\/pages\/6\/revisions"}],"predecessor-version":[{"id":532,"href":"https:\/\/staba-ag.ch\/index.php?rest_route=\/wp\/v2\/pages\/6\/revisions\/532"}],"wp:attachment":[{"href":"https:\/\/staba-ag.ch\/index.php?rest_route=%2Fwp%2Fv2%2Fmedia&parent=6"}],"curies":[{"name":"wp","href":"https:\/\/api.w.org\/{rel}","templated":true}]}}