{"id":497,"date":"2015-11-11T21:47:10","date_gmt":"2015-11-11T21:47:10","guid":{"rendered":"http:\/\/staba-ag.ch\/?page_id=497"},"modified":"2015-12-31T13:22:35","modified_gmt":"2015-12-31T13:22:35","slug":"wasserstrahlschneiden","status":"publish","type":"page","link":"https:\/\/staba-ag.ch\/?page_id=497","title":{"rendered":"WASSERSTRAHLSCHNEIDEN"},"content":{"rendered":"<div class='content-column one_third'><div style=\"padding-right:20px;\"><h2><font color=\"#FF0000\">Unsere Leistungen<\/font><\/h2>\n<ul>\n<li>Wasserstrahlschneiden<\/li>\n<li>Blechbearbeitungen<\/li>\n<li>Tank- und Geh\u00e4usebau<\/li>\n<li>Schweissarbeiten<\/li>\n<\/ul><\/div><\/div>\n<div class='content-column two_third last_column'><div style=\"padding-left:20px;\"><h2><font color=\"#FF0000\">Unser Maschinenpark<\/font><\/h2>\n<ul>\n<li><b>Wasserstrahlsystem<\/b> Format, bis 100mm Materialst\u00e4rke<\/li>\n<li><b>Blechschere:<\/b> 3m l\u00e4nge, bis 6mm Materialst\u00e4rke<\/li>\n<li><b>Abkantpresse:<\/b> 3m l\u00e4nge, bis 8mm Materialst\u00e4rke<\/li>\n<li><b>Schweissanlagen:<\/b> MIG, MAG, TIG alu-cms<\/li>\n<\/ul><\/div><\/div><div class='clear_column'><\/div>\n<h2><font color=\"#FF0000\">Neu zerschneiden wir alle(s)!<\/font><\/h2>\n<p><a href=\"http:\/\/staba-ag.ch\/wp-content\/uploads\/2015\/11\/ByJet.jpg\"><img decoding=\"async\" loading=\"lazy\" src=\"http:\/\/staba-ag.ch\/wp-content\/uploads\/2015\/11\/ByJet.jpg\" alt=\"ByJet\" width=\"1279\" height=\"1011\" class=\"alignnone size-full wp-image-498\" srcset=\"https:\/\/staba-ag.ch\/wp-content\/uploads\/2015\/11\/ByJet.jpg 1279w, https:\/\/staba-ag.ch\/wp-content\/uploads\/2015\/11\/ByJet-300x237.jpg 300w, https:\/\/staba-ag.ch\/wp-content\/uploads\/2015\/11\/ByJet-1024x809.jpg 1024w\" sizes=\"(max-width: 1279px) 100vw, 1279px\" \/><\/a><\/p>\n<h2><font color=\"#FF0000\">Wasserstrahlschneiden<\/font><\/h2>\n<div class='content-column two_third'><div style=\"padding-right:20px;\"><p align=\"justify\">Als Erg\u00e4nzung zum bereits bestehenden Maschinenpark verf\u00fcgt die Staba AG neu \u00fcber ein hochmodernes Wasserstrahlsystem. Wasserstrahlschneiden ist ein spanabtragendes Bearbeitungsverfahren, bei dem das zu bearbeitende Material durch einen Hochdruckwasserstrahl getrennt wird.<br \/>\nMit dieser Schneideanlage sind wir bestens ausger\u00fcstet, um unseren Kunden s\u00e4mtliche Arbeiten im Metall- und Apparatebau aus einer Hand anbieten zu k\u00f6nnen. Zudem er\u00f6ffnen sich durch die vielseitigen Einsatzm\u00f6glichkeiten dieses Verfahrens interessante, neue Anwendungsbereiche auch ausserhalb des Metallbaus, wie aus den bearbeitbaren Materialien rechts ersichtlich ist.\n<\/p>\n<p>Die <strong><font color=\"#FF0000\">Vorteile von Wasserstrahlschneiden<\/font><\/strong> sind:<\/p>\n<ul>\n<li>hohe Bearbeitungsgenauigkeit<\/li>\n<li>sehr geringer Verzug des Bauteils<\/li>\n<li>kein W\u00e4rmeeintrag in das Werkst\u00fcck w\u00e4hrend der Bearbeitung<\/li>\n<li>keine Materialverh\u00e4rtungen, keine Bildung von Mikrorissen u.\u00e4.<\/li>\n<\/ul><\/div><\/div>\n<div class='content-column one_third last_column'><div style=\"padding-left:20px;\">Wir schneiden Werkstoffe aller Art bis zu einer St\u00e4rke von 100mm wie z.B.<\/p>\n<p><a href=\"http:\/\/staba-ag.ch\/wp-content\/uploads\/2015\/11\/material.png\"><img decoding=\"async\" loading=\"lazy\" src=\"http:\/\/staba-ag.ch\/wp-content\/uploads\/2015\/11\/material.png\" alt=\"material\" width=\"683\" height=\"684\" class=\"alignnone size-full wp-image-519\" srcset=\"https:\/\/staba-ag.ch\/wp-content\/uploads\/2015\/11\/material.png 683w, https:\/\/staba-ag.ch\/wp-content\/uploads\/2015\/11\/material-150x150.png 150w, https:\/\/staba-ag.ch\/wp-content\/uploads\/2015\/11\/material-300x300.png 300w\" sizes=\"(max-width: 683px) 100vw, 683px\" \/><\/a><br \/><\/div><\/div><div class='clear_column'><\/div>\n<h2><font color=\"#FF0000\">Referenzen<\/font><\/h2>\n<p><div class='content-column one_third'><div style=\"padding-right:10px;\"><strong>Bandfilteranlage<\/strong><br \/>\n<a href=\"http:\/\/staba-ag.ch\/wp-content\/uploads\/2012\/07\/bandfilter_1.jpg\"><img decoding=\"async\" loading=\"lazy\" src=\"http:\/\/staba-ag.ch\/wp-content\/uploads\/2012\/07\/bandfilter_1-300x179.jpg\" alt=\"bandfilter_1\" width=\"400\" height=\"240\" class=\"alignnone size-medium wp-image-316\" srcset=\"https:\/\/staba-ag.ch\/wp-content\/uploads\/2012\/07\/bandfilter_1-300x179.jpg 300w, https:\/\/staba-ag.ch\/wp-content\/uploads\/2012\/07\/bandfilter_1.jpg 800w\" sizes=\"(max-width: 400px) 100vw, 400px\" \/><\/a><br \/>\n<a href=\"http:\/\/staba-ag.ch\/wp-content\/uploads\/2012\/07\/bandfilter_2.jpg\"><\/a><br \/><\/div><\/div><div class='content-column one_third'><div style=\"padding-right:5px;padding-left:5px;\"><strong>Haube<\/strong><br \/>\n<a href=\"http:\/\/staba-ag.ch\/wp-content\/uploads\/2012\/07\/haube_1.jpg\"><img decoding=\"async\" loading=\"lazy\" src=\"http:\/\/staba-ag.ch\/wp-content\/uploads\/2012\/07\/haube_1-289x300.jpg\" alt=\"haube_1\" width=\"400\" height=\"240\" class=\"alignnone size-medium wp-image-316\" \/><\/a><br \/><\/div><\/div><div class='content-column one_third last_column'><div style=\"padding-left:10px;\"><strong>Tank<\/strong><br \/>\n<a href=\"http:\/\/staba-ag.ch\/wp-content\/uploads\/2012\/07\/tank_1.jpg\"><img decoding=\"async\" loading=\"lazy\" src=\"http:\/\/staba-ag.ch\/wp-content\/uploads\/2012\/07\/tank_1-300x273.jpg\" alt=\"tank_1\" width=\"400\" height=\"240\" class=\"alignnone size-medium wp-image-316\" \/><\/a><br \/><\/div><\/div><div class='clear_column'><\/div><\/p>\n<p>&nbsp;<br \/>\nStaba AG | Metall- und Apparatebau | Beugenstr. 16 | 5647 Oberr\u00fcti | Tel +41 (0)41 787 14 57 | Fax +41 (0)41 787 14 61<\/p>\n","protected":false},"excerpt":{"rendered":"<p>Neu zerschneiden wir alle(s)! Wasserstrahlschneiden Referenzen &nbsp; Staba AG | Metall- und Apparatebau | Beugenstr. 16 | 5647 Oberr\u00fcti | Tel +41 (0)41 787 14 57 | Fax +41 (0)41 787 14 61<\/p>\n","protected":false},"author":2,"featured_media":0,"parent":0,"menu_order":0,"comment_status":"closed","ping_status":"closed","template":"","meta":[],"_links":{"self":[{"href":"https:\/\/staba-ag.ch\/index.php?rest_route=\/wp\/v2\/pages\/497"}],"collection":[{"href":"https:\/\/staba-ag.ch\/index.php?rest_route=\/wp\/v2\/pages"}],"about":[{"href":"https:\/\/staba-ag.ch\/index.php?rest_route=\/wp\/v2\/types\/page"}],"author":[{"embeddable":true,"href":"https:\/\/staba-ag.ch\/index.php?rest_route=\/wp\/v2\/users\/2"}],"replies":[{"embeddable":true,"href":"https:\/\/staba-ag.ch\/index.php?rest_route=%2Fwp%2Fv2%2Fcomments&post=497"}],"version-history":[{"count":22,"href":"https:\/\/staba-ag.ch\/index.php?rest_route=\/wp\/v2\/pages\/497\/revisions"}],"predecessor-version":[{"id":533,"href":"https:\/\/staba-ag.ch\/index.php?rest_route=\/wp\/v2\/pages\/497\/revisions\/533"}],"wp:attachment":[{"href":"https:\/\/staba-ag.ch\/index.php?rest_route=%2Fwp%2Fv2%2Fmedia&parent=497"}],"curies":[{"name":"wp","href":"https:\/\/api.w.org\/{rel}","templated":true}]}}