{"id":323,"date":"2015-08-01T12:56:59","date_gmt":"2015-08-01T12:56:59","guid":{"rendered":"http:\/\/staba-ag.ch\/?page_id=323"},"modified":"2015-08-04T07:04:32","modified_gmt":"2015-08-04T07:04:32","slug":"gartendesign","status":"publish","type":"page","link":"https:\/\/staba-ag.ch\/?page_id=323","title":{"rendered":"GARTENDESIGN"},"content":{"rendered":"<div class='content-column one_third'><div style=\"padding-right:20px;\"><h2><font color=\"#FF0000\">Gartendesign<\/font><\/h2>\n<ul>\n<li>Spiessligrill Holzkohle<\/li>\n<li>Stellw\u00e4nde<\/li>\n<li>Sichtschutzw\u00e4nde<\/li>\n<li>Rahmen f\u00fcr Holzbeigen<\/li>\n<li>Beetumrandungen<\/li>\n<\/ul><\/div><\/div><div class='content-column one_third'><div style=\"padding-right:5px;padding-left:5px;\"><h2><font color=\"#FF0000\">   <\/font><\/h2><\/div><\/div><div class='content-column one_third last_column'><div style=\"padding-left:20px;\"><h2><font color=\"#FF0000\"><\/font><\/h2><\/div><\/div><div class='clear_column'><\/div><\/p>\n<h2><font color=\"#FF0000\">Referenzen<\/font><\/h2>\n<p align=\"justify\">Eine Auswahl der vielf\u00e4ltigen Projekte, welche durch die Staba AG realisiert wurden. F\u00fcr weitere Bilder und zum Vergr\u00f6ssern bitte auf die Fotos klicken.<\/p>\n<p><div class='content-column one_third'><div style=\"padding-right:10px;\"><strong>Spiessligrill, Edelstahl<\/strong><br \/>\n<a href=\"http:\/\/staba-ag.ch\/wp-content\/uploads\/2015\/08\/grill_1.jpg\"><img decoding=\"async\" loading=\"lazy\" src=\"http:\/\/staba-ag.ch\/wp-content\/uploads\/2015\/08\/grill_1-300x195.jpg\" alt=\"grill_1\" width=\"300\" height=\"195\" class=\"alignnone size-medium wp-image-351\" srcset=\"https:\/\/staba-ag.ch\/wp-content\/uploads\/2015\/08\/grill_1-300x195.jpg 300w, https:\/\/staba-ag.ch\/wp-content\/uploads\/2015\/08\/grill_1.jpg 1000w\" sizes=\"(max-width: 300px) 100vw, 300px\" \/><\/a><a href=\"http:\/\/staba-ag.ch\/wp-content\/uploads\/2015\/08\/grill_2.jpg\"><\/a><br \/><\/div><\/div><div class='content-column one_third'><div style=\"padding-right:5px;padding-left:5px;\"><strong>Spiessligrill, Edelstahl<\/strong><br \/>\n<a href=\"http:\/\/staba-ag.ch\/wp-content\/uploads\/2015\/08\/grill2_1.jpg\"><img decoding=\"async\" loading=\"lazy\" src=\"http:\/\/staba-ag.ch\/wp-content\/uploads\/2015\/08\/grill2_1-300x195.jpg\" alt=\"grill2_1\" width=\"300\" height=\"195\" class=\"alignnone size-medium wp-image-353\" srcset=\"https:\/\/staba-ag.ch\/wp-content\/uploads\/2015\/08\/grill2_1-300x195.jpg 300w, https:\/\/staba-ag.ch\/wp-content\/uploads\/2015\/08\/grill2_1.jpg 1000w\" sizes=\"(max-width: 300px) 100vw, 300px\" \/><\/a><a href=\"http:\/\/staba-ag.ch\/wp-content\/uploads\/2015\/08\/grill2_2.jpg\"><\/a><a href=\"http:\/\/staba-ag.ch\/wp-content\/uploads\/2015\/08\/grill2_3.jpg\"><\/a><br \/><\/div><\/div><div class='content-column one_third last_column'><div style=\"padding-left:10px;\"><strong>Sichtschutz Pavillon, Metallrahmen<\/strong><br \/>\n<a href=\"http:\/\/staba-ag.ch\/wp-content\/uploads\/2015\/08\/pavillon_1.jpg\"><img decoding=\"async\" loading=\"lazy\" src=\"http:\/\/staba-ag.ch\/wp-content\/uploads\/2015\/08\/pavillon_1-300x195.jpg\" alt=\"pavillon_1\" width=\"300\" height=\"195\" class=\"alignnone size-medium wp-image-354\" srcset=\"https:\/\/staba-ag.ch\/wp-content\/uploads\/2015\/08\/pavillon_1-300x195.jpg 300w, https:\/\/staba-ag.ch\/wp-content\/uploads\/2015\/08\/pavillon_1.jpg 1000w\" sizes=\"(max-width: 300px) 100vw, 300px\" \/><\/a><a href=\"http:\/\/staba-ag.ch\/wp-content\/uploads\/2015\/08\/pavillon_2.jpg\"><\/a><a href=\"http:\/\/staba-ag.ch\/wp-content\/uploads\/2015\/08\/pavillon_3.jpg\"><\/a><br \/><\/div><\/div><div class='clear_column'><\/div><br \/>\n<div class='content-column one_third'><div style=\"padding-right:10px;\"><strong>Sichtschutz Metall, rostend<\/strong><br \/>\n<a href=\"http:\/\/staba-ag.ch\/wp-content\/uploads\/2015\/08\/sichtschutz_metall.jpg\"><img decoding=\"async\" loading=\"lazy\" src=\"http:\/\/staba-ag.ch\/wp-content\/uploads\/2015\/08\/sichtschutz_metall-300x261.jpg\" alt=\"sichtschutz_metall\" width=\"300\" height=\"261\" class=\"alignnone size-medium wp-image-364\" srcset=\"https:\/\/staba-ag.ch\/wp-content\/uploads\/2015\/08\/sichtschutz_metall-300x261.jpg 300w, https:\/\/staba-ag.ch\/wp-content\/uploads\/2015\/08\/sichtschutz_metall.jpg 1000w\" sizes=\"(max-width: 300px) 100vw, 300px\" \/><\/a><br \/><\/div><\/div><div class='content-column one_third'><div style=\"padding-right:5px;padding-left:5px;\"><strong>Sichtschutz Holz, Metallrahmen<\/strong><br \/>\n<a href=\"http:\/\/staba-ag.ch\/wp-content\/uploads\/2015\/08\/sichtschutz_1.jpg\"><img decoding=\"async\" loading=\"lazy\" src=\"http:\/\/staba-ag.ch\/wp-content\/uploads\/2015\/08\/sichtschutz_1-300x261.jpg\" alt=\"sichtschutz_1\" width=\"300\" height=\"261\" class=\"alignnone size-medium wp-image-365\" srcset=\"https:\/\/staba-ag.ch\/wp-content\/uploads\/2015\/08\/sichtschutz_1-300x261.jpg 300w, https:\/\/staba-ag.ch\/wp-content\/uploads\/2015\/08\/sichtschutz_1.jpg 1000w\" sizes=\"(max-width: 300px) 100vw, 300px\" \/><\/a><a href=\"http:\/\/staba-ag.ch\/wp-content\/uploads\/2015\/08\/sichtschutz_2.jpg\"><\/a><a href=\"http:\/\/staba-ag.ch\/wp-content\/uploads\/2015\/08\/sichtschutz_3.jpg\"><\/a><br \/><\/div><\/div><div class='content-column one_third last_column'><div style=\"padding-left:10px;\"><strong>Katzentreppe<\/strong><br \/>\n<a href=\"http:\/\/staba-ag.ch\/wp-content\/uploads\/2015\/08\/katzentreppe_1.jpg\"><img decoding=\"async\" loading=\"lazy\" src=\"http:\/\/staba-ag.ch\/wp-content\/uploads\/2015\/08\/katzentreppe_1-300x261.jpg\" alt=\"katzentreppe_1\" width=\"300\" height=\"261\" class=\"alignnone size-medium wp-image-366\" srcset=\"https:\/\/staba-ag.ch\/wp-content\/uploads\/2015\/08\/katzentreppe_1-300x261.jpg 300w, https:\/\/staba-ag.ch\/wp-content\/uploads\/2015\/08\/katzentreppe_1.jpg 1000w\" sizes=\"(max-width: 300px) 100vw, 300px\" \/><\/a><a href=\"http:\/\/staba-ag.ch\/wp-content\/uploads\/2015\/08\/katzentreppe_2.jpg\"><\/a><br \/><\/div><\/div><div class='clear_column'><\/div><\/p>\n<p><div class='content-column one_third'><div style=\"padding-right:10px;\"><strong>Stellw\u00e4nde Metall, rostend<\/strong><br \/>\n<a href=\"http:\/\/staba-ag.ch\/wp-content\/uploads\/2015\/08\/stellwand_1.jpg\"><img decoding=\"async\" loading=\"lazy\" src=\"http:\/\/staba-ag.ch\/wp-content\/uploads\/2015\/08\/stellwand_1-300x231.jpg\" alt=\"stellwand_1\" width=\"300\" height=\"231\" class=\"alignnone size-medium wp-image-372\" srcset=\"https:\/\/staba-ag.ch\/wp-content\/uploads\/2015\/08\/stellwand_1-300x231.jpg 300w, https:\/\/staba-ag.ch\/wp-content\/uploads\/2015\/08\/stellwand_1.jpg 1000w\" sizes=\"(max-width: 300px) 100vw, 300px\" \/><\/a><a href=\"http:\/\/staba-ag.ch\/wp-content\/uploads\/2015\/08\/stellwand_2.jpg\"><\/a><a href=\"http:\/\/staba-ag.ch\/wp-content\/uploads\/2015\/08\/stellwand_3.jpg\"><\/a><a href=\"http:\/\/staba-ag.ch\/wp-content\/uploads\/2015\/08\/stellwand_4.jpg\"><\/a><a href=\"http:\/\/staba-ag.ch\/wp-content\/uploads\/2015\/08\/stellwand_5.jpg\"><\/a><br \/><\/div><\/div><div class='content-column one_third'><div style=\"padding-right:5px;padding-left:5px;\"><strong>Sichtschutz Metall, rostend<\/strong><br \/>\n<a href=\"http:\/\/staba-ag.ch\/wp-content\/uploads\/2015\/08\/panel_1.jpg\"><img decoding=\"async\" loading=\"lazy\" src=\"http:\/\/staba-ag.ch\/wp-content\/uploads\/2015\/08\/panel_1-300x231.jpg\" alt=\"panel_1\" width=\"300\" height=\"231\" class=\"alignnone size-medium wp-image-373\" srcset=\"https:\/\/staba-ag.ch\/wp-content\/uploads\/2015\/08\/panel_1-300x231.jpg 300w, https:\/\/staba-ag.ch\/wp-content\/uploads\/2015\/08\/panel_1.jpg 1000w\" sizes=\"(max-width: 300px) 100vw, 300px\" \/><\/a><a href=\"http:\/\/staba-ag.ch\/wp-content\/uploads\/2015\/08\/panel_2.jpg\"><\/a><br \/><\/div><\/div><div class='content-column one_third last_column'><div style=\"padding-left:10px;\"><strong>Verglaster Windfang<\/strong><br \/>\n<a href=\"http:\/\/staba-ag.ch\/wp-content\/uploads\/2015\/08\/windfang-glas_1.jpg\"><img decoding=\"async\" loading=\"lazy\" src=\"http:\/\/staba-ag.ch\/wp-content\/uploads\/2015\/08\/windfang-glas_1-300x231.jpg\" alt=\"windfang-glas_1\" width=\"300\" height=\"231\" class=\"alignnone size-medium wp-image-433\" srcset=\"https:\/\/staba-ag.ch\/wp-content\/uploads\/2015\/08\/windfang-glas_1-300x231.jpg 300w, https:\/\/staba-ag.ch\/wp-content\/uploads\/2015\/08\/windfang-glas_1.jpg 1000w\" sizes=\"(max-width: 300px) 100vw, 300px\" \/><\/a><a href=\"http:\/\/staba-ag.ch\/wp-content\/uploads\/2015\/08\/windfang-glas_2.jpg\"><\/a><br \/><\/div><\/div><div class='clear_column'><\/div><\/p>\n<p>&nbsp;<br \/>\nStaba AG | Metall- und Apparatebau | Beugenstr. 16 | 5647 Oberr\u00fcti | Tel +41 (0)41 787 14 57 | Fax +41 (0)41 787 14 61<\/p>\n","protected":false},"excerpt":{"rendered":"<p>Referenzen Eine Auswahl der vielf\u00e4ltigen Projekte, welche durch die Staba AG realisiert wurden. F\u00fcr weitere Bilder und zum Vergr\u00f6ssern bitte auf die Fotos klicken. &nbsp; Staba AG | Metall- und Apparatebau | Beugenstr. 16 | 5647 Oberr\u00fcti | Tel +41 (0)41 787 14 57 | Fax +41 (0)41 787 14 61<\/p>\n","protected":false},"author":2,"featured_media":0,"parent":0,"menu_order":0,"comment_status":"closed","ping_status":"closed","template":"","meta":[],"_links":{"self":[{"href":"https:\/\/staba-ag.ch\/index.php?rest_route=\/wp\/v2\/pages\/323"}],"collection":[{"href":"https:\/\/staba-ag.ch\/index.php?rest_route=\/wp\/v2\/pages"}],"about":[{"href":"https:\/\/staba-ag.ch\/index.php?rest_route=\/wp\/v2\/types\/page"}],"author":[{"embeddable":true,"href":"https:\/\/staba-ag.ch\/index.php?rest_route=\/wp\/v2\/users\/2"}],"replies":[{"embeddable":true,"href":"https:\/\/staba-ag.ch\/index.php?rest_route=%2Fwp%2Fv2%2Fcomments&post=323"}],"version-history":[{"count":23,"href":"https:\/\/staba-ag.ch\/index.php?rest_route=\/wp\/v2\/pages\/323\/revisions"}],"predecessor-version":[{"id":435,"href":"https:\/\/staba-ag.ch\/index.php?rest_route=\/wp\/v2\/pages\/323\/revisions\/435"}],"wp:attachment":[{"href":"https:\/\/staba-ag.ch\/index.php?rest_route=%2Fwp%2Fv2%2Fmedia&parent=323"}],"curies":[{"name":"wp","href":"https:\/\/api.w.org\/{rel}","templated":true}]}}